{"id":1359,"date":"2016-12-11T12:55:41","date_gmt":"2016-12-11T11:55:41","guid":{"rendered":"https:\/\/project-angel.org\/home\/"},"modified":"2026-04-06T18:16:41","modified_gmt":"2026-04-06T17:16:41","slug":"home","status":"publish","type":"page","link":"https:\/\/project-angel.org\/en\/","title":{"rendered":"HOME"},"content":{"rendered":"<p>[et_pb_section fb_built=&#8221;1&#8243; _builder_version=&#8221;4.19.2&#8243; _module_preset=&#8221;default&#8221; background_image=&#8221;https:\/\/project-angel.org\/wp-content\/uploads\/2022\/12\/Shutterstock_1669530832-scaled.jpg&#8221; background_size=&#8221;custom&#8221; background_image_width=&#8221;82%&#8221; background_image_height=&#8221;0%&#8221; background_position=&#8221;center_right&#8221; background_horizontal_offset=&#8221;-100%&#8221; background_enable_mask_style=&#8221;on&#8221; background_last_edited=&#8221;on|phone&#8221; parallax_phone=&#8221;on&#8221; custom_css_main_element=&#8221;background-size: 58vw auto !important; background-position: 100% 50% !important;&#8221; global_colors_info=&#8221;{}&#8221;][et_pb_row column_structure=&#8221;1_2,1_2&#8243; _builder_version=&#8221;4.19.2&#8243; _module_preset=&#8221;default&#8221; max_width=&#8221;1270px&#8221; global_colors_info=&#8221;{}&#8221;][et_pb_column type=&#8221;1_2&#8243; _builder_version=&#8221;4.19.2&#8243; _module_preset=&#8221;default&#8221; global_colors_info=&#8221;{}&#8221;][et_pb_text _builder_version=&#8221;4.19.4&#8243; _module_preset=&#8221;default&#8221; text_font=&#8221;Jost||||||||&#8221; width=&#8221;95.6%&#8221; global_colors_info=&#8221;{}&#8221;]<\/p>\n<h1>Evidential spiritual and psychic medium<\/h1>\n<p>[\/et_pb_text][et_pb_icon font_icon=&#8221;&#xe089;||divi||400&#8243; icon_color=&#8221;#e8b2c9&#8243; icon_width=&#8221;24px&#8221; align=&#8221;left&#8221; _builder_version=&#8221;4.19.2&#8243; _module_preset=&#8221;default&#8221; global_colors_info=&#8221;{}&#8221;][\/et_pb_icon][et_pb_text _builder_version=&#8221;4.27.4&#8243; _module_preset=&#8221;default&#8221; text_font=&#8221;Roboto|700|||||||&#8221; text_font_size=&#8221;18px&#8221; text_letter_spacing=&#8221;2px&#8221; width=&#8221;63%&#8221; global_colors_info=&#8221;{}&#8221;]<\/p>\n<p>Clear messages for your heart and soul<\/p>\n<p>[\/et_pb_text][et_pb_text _builder_version=&#8221;4.27.4&#8243; _module_preset=&#8221;default&#8221; text_font=&#8221;Jost||||||||&#8221; max_width=&#8221;78.4%&#8221; module_alignment=&#8221;left&#8221; custom_margin=&#8221;|98px||||&#8221; global_colors_info=&#8221;{}&#8221;]<\/p>\n<p>I am here to help you with the loss of a loved one, stagnation in your life, entanglements and all questions relating to your personal and spiritual development. It is my heartfelt desire to share my love and knowledge of the spiritual world with you. <\/p>\n<p>[\/et_pb_text][et_pb_divider color=&#8221;#fc9780&#8243; divider_weight=&#8221;2px&#8221; _builder_version=&#8221;4.19.2&#8243; _module_preset=&#8221;default&#8221; width=&#8221;21%&#8221; max_width=&#8221;98%&#8221; global_colors_info=&#8221;{}&#8221;][\/et_pb_divider][et_pb_button button_url=&#8221;https:\/\/project-angel.org\/en\/consultations\/&#8221; button_text=&#8221;Learn more&#8221; button_alignment=&#8221;center&#8221; _builder_version=&#8221;4.19.4&#8243; _module_preset=&#8221;default&#8221; custom_button=&#8221;on&#8221; button_text_color=&#8221;#FFFFFF&#8221; button_bg_color=&#8221;#8d6b99&#8243; button_border_color=&#8221;RGBA(255,255,255,0)&#8221; button_border_radius=&#8221;24px&#8221; button_font=&#8221;Jost||||||||&#8221; global_colors_info=&#8221;{}&#8221;][\/et_pb_button][et_pb_image src=&#8221;https:\/\/project-angel.org\/wp-content\/uploads\/2022\/12\/cloud1.png&#8221; alt=&#8221;Life after death&#8221; title_text=&#8221;Sky&#8221; _builder_version=&#8221;4.20.2&#8243; _module_preset=&#8221;default&#8221; width=&#8221;33%&#8221; module_alignment=&#8221;right&#8221; min_height=&#8221;100px&#8221; animation_style=&#8221;slide&#8221; animation_direction=&#8221;left&#8221; animation_duration=&#8221;1400ms&#8221; animation_intensity_slide=&#8221;75%&#8221; animation_starting_opacity=&#8221;52%&#8221; animation_speed_curve=&#8221;ease-in&#8221; global_colors_info=&#8221;{}&#8221;][\/et_pb_image][\/et_pb_column][et_pb_column type=&#8221;1_2&#8243; _builder_version=&#8221;4.19.2&#8243; _module_preset=&#8221;default&#8221; global_colors_info=&#8221;{}&#8221;][\/et_pb_column][\/et_pb_row][\/et_pb_section][et_pb_section fb_built=&#8221;1&#8243; _builder_version=&#8221;4.19.4&#8243; _module_preset=&#8221;default&#8221; background_color=&#8221;rgba(217,150,162,0.37)&#8221; global_colors_info=&#8221;{}&#8221;][et_pb_row column_structure=&#8221;1_3,1_3,1_3&#8243; _builder_version=&#8221;4.19.4&#8243; _module_preset=&#8221;default&#8221; global_colors_info=&#8221;{}&#8221;][et_pb_column type=&#8221;1_3&#8243; _builder_version=&#8221;4.19.2&#8243; _module_preset=&#8221;default&#8221; global_colors_info=&#8221;{}&#8221;][et_pb_blurb title=&#8221;Psychic assessment&#8221; image=&#8221;https:\/\/project-angel.org\/wp-content\/uploads\/2022\/12\/shutterstock_1278868333kl.jpg&#8221; alt=&#8221;Aura&#8221; _builder_version=&#8221;4.20.2&#8243; _module_preset=&#8221;default&#8221; body_font=&#8221;Jost||||||||&#8221; custom_margin_tablet=&#8221;&#8221; custom_margin_phone=&#8221;&#8221; custom_margin_last_edited=&#8221;on|tablet&#8221; border_radii_image=&#8221;on|20px|20px|20px|20px&#8221; global_colors_info=&#8221;{}&#8221;]<\/p>\n<p>Connecting with your energy &#8211; from your aura and chakras &#8211; I read about different areas of your current situation and give you insights that help you see the next steps ahead. When you feel stuck in life and need a nudge to move forward reconnecting with your power and potential.<\/p>\n<p>[\/et_pb_blurb][et_pb_button button_url=&#8221;https:\/\/project-angel.org\/en\/consultations\/&#8221; button_text=&#8221;Learn more&#8221; button_alignment=&#8221;center&#8221; _builder_version=&#8221;4.19.5&#8243; _module_preset=&#8221;default&#8221; custom_button=&#8221;on&#8221; button_text_color=&#8221;#FFFFFF&#8221; button_bg_color=&#8221;#8d6b99&#8243; button_border_color=&#8221;RGBA(255,255,255,0)&#8221; button_border_radius=&#8221;24px&#8221; button_font=&#8221;Jost||||||||&#8221; global_colors_info=&#8221;{}&#8221;][\/et_pb_button][\/et_pb_column][et_pb_column type=&#8221;1_3&#8243; _builder_version=&#8221;4.19.2&#8243; _module_preset=&#8221;default&#8221; global_colors_info=&#8221;{}&#8221;][et_pb_blurb title=&#8221;Communication with Spirit&#8221; image=&#8221;https:\/\/project-angel.org\/wp-content\/uploads\/2022\/12\/shutterstock_1545628763.jpg&#8221; alt=&#8221;Communication with Spirit&#8221; _builder_version=&#8221;4.20.2&#8243; _module_preset=&#8221;default&#8221; body_font=&#8221;Jost||||||||&#8221; border_radii_image=&#8221;on|20px|20px|20px|20px&#8221; global_colors_info=&#8221;{}&#8221;]<\/p>\n<p>I blend with your loved ones in the Spirit World and describe them until you as recipient identify them. Then I serve as their channel of communication and let their personal message through to you. An experience often giving hope, strength and condolence &#8211; even when you are not grieving anymore.<\/p>\n<p>[\/et_pb_blurb][et_pb_button button_url=&#8221;https:\/\/project-angel.org\/en\/consultations\/&#8221; button_text=&#8221;Book an appointment&#8221; button_alignment=&#8221;center&#8221; _builder_version=&#8221;4.19.5&#8243; _module_preset=&#8221;default&#8221; custom_button=&#8221;on&#8221; button_text_color=&#8221;#FFFFFF&#8221; button_bg_color=&#8221;#8d6b99&#8243; button_border_color=&#8221;RGBA(255,255,255,0)&#8221; button_border_radius=&#8221;24px&#8221; button_font=&#8221;Jost||||||||&#8221; global_colors_info=&#8221;{}&#8221;][\/et_pb_button][\/et_pb_column][et_pb_column type=&#8221;1_3&#8243; _builder_version=&#8221;4.19.4&#8243; _module_preset=&#8221;default&#8221; global_colors_info=&#8221;{}&#8221;][et_pb_blurb title=&#8221;Intuitive Systemic Coaching&#8221; image=&#8221;https:\/\/project-angel.org\/wp-content\/uploads\/2022\/12\/shutterstock_2127488423kl.jpg&#8221; alt=&#8221;Systemic constellation&#8221; image_icon_width=&#8221;100%&#8221; _builder_version=&#8221;4.20.2&#8243; _module_preset=&#8221;default&#8221; body_font=&#8221;Jost||||||||&#8221; border_radii_image=&#8221;on|20px|20px|20px|20px&#8221; global_colors_info=&#8221;{}&#8221;]<\/p>\n<p>Initiating and supporting healing processes. For relationship entanglements in family, partnership, career and many other challenges. Great method for personal development and solution-oriented.<\/p>\n<p>[\/et_pb_blurb][et_pb_button button_url=&#8221;https:\/\/project-angel.org\/en\/consultations\/&#8221; button_text=&#8221;Request coaching appointment&#8221; button_alignment=&#8221;center&#8221; _builder_version=&#8221;4.19.5&#8243; _module_preset=&#8221;default&#8221; custom_button=&#8221;on&#8221; button_text_color=&#8221;#FFFFFF&#8221; button_bg_color=&#8221;#8d6b99&#8243; button_border_color=&#8221;RGBA(255,255,255,0)&#8221; button_border_radius=&#8221;24px&#8221; button_font=&#8221;Jost||||||||&#8221; global_colors_info=&#8221;{}&#8221;][\/et_pb_button][\/et_pb_column][\/et_pb_row][et_pb_row column_structure=&#8221;1_3,1_3,1_3&#8243; _builder_version=&#8221;4.19.2&#8243; _module_preset=&#8221;default&#8221; global_colors_info=&#8221;{}&#8221;][et_pb_column type=&#8221;1_3&#8243; _builder_version=&#8221;4.19.2&#8243; _module_preset=&#8221;default&#8221; global_colors_info=&#8221;{}&#8221;][et_pb_blurb title=&#8221;Personal development&#8221; image=&#8221;https:\/\/project-angel.org\/wp-content\/uploads\/2022\/12\/shutterstock_1810513186-Kopie.jpg&#8221; alt=&#8221;Personal development&#8221; _builder_version=&#8221;4.20.2&#8243; _module_preset=&#8221;default&#8221; body_font=&#8221;Jost||||||||&#8221; border_radii_image=&#8221;on|20px|20px|20px|20px&#8221; global_colors_info=&#8221;{}&#8221;]<\/p>\n<p>Depending on where you are at the moment, you learn to accept yourself, cultivate kindness towards yourself and practice being present. This may be through a spiritual practice such as meditation, yoga, etc. or through visualizations, imagary of your inner personality traits such as your inner child.<\/p>\n<p>[\/et_pb_blurb][et_pb_button button_url=&#8221;https:\/\/project-angel.org\/en\/consultations\/&#8221; button_text=&#8221;Services&#8221; button_alignment=&#8221;center&#8221; button_alignment_tablet=&#8221;center&#8221; button_alignment_phone=&#8221;center&#8221; button_alignment_last_edited=&#8221;on|desktop&#8221; _builder_version=&#8221;4.19.5&#8243; _module_preset=&#8221;default&#8221; custom_button=&#8221;on&#8221; button_text_color=&#8221;#FFFFFF&#8221; button_bg_color=&#8221;#8d6b99&#8243; button_border_color=&#8221;RGBA(255,255,255,0)&#8221; button_border_radius=&#8221;24px&#8221; button_font=&#8221;Jost||||||||&#8221; global_colors_info=&#8221;{}&#8221;][\/et_pb_button][\/et_pb_column][et_pb_column type=&#8221;1_3&#8243; _builder_version=&#8221;4.19.2&#8243; _module_preset=&#8221;default&#8221; global_colors_info=&#8221;{}&#8221;][et_pb_blurb title=&#8221;Seminars &amp; courses&#8221; image=&#8221;https:\/\/project-angel.org\/wp-content\/uploads\/2022\/12\/shutterstock_2165136947kl.jpg&#8221; alt=&#8221;Mediumistic training&#8221; _builder_version=&#8221;4.20.2&#8243; _module_preset=&#8221;default&#8221; body_font=&#8221;Jost||||||||&#8221; border_radii_image=&#8221;on|20px|20px|20px|20px&#8221; global_colors_info=&#8221;{}&#8221;]<\/p>\n<p>I can show you how your faculties work and guide you through your psychic and mediumistic unfoldment. You gain a better understanding who you truly are and gain more confidence in your talent and skills. Passing on the endless love, support and healing from the Spirit World is super important to me.<\/p>\n<p>[\/et_pb_blurb][et_pb_button button_url=&#8221;https:\/\/project-angel.org\/en\/seminars\/&#8221; button_text=&#8221;Learn new things&#8221; button_alignment=&#8221;center&#8221; button_alignment_tablet=&#8221;center&#8221; button_alignment_phone=&#8221;center&#8221; button_alignment_last_edited=&#8221;on|desktop&#8221; _builder_version=&#8221;4.19.5&#8243; _module_preset=&#8221;default&#8221; custom_button=&#8221;on&#8221; button_text_color=&#8221;#FFFFFF&#8221; button_bg_color=&#8221;#8d6b99&#8243; button_border_color=&#8221;RGBA(255,255,255,0)&#8221; button_border_radius=&#8221;24px&#8221; button_font=&#8221;Jost||||||||&#8221; global_colors_info=&#8221;{}&#8221;][\/et_pb_button][\/et_pb_column][et_pb_column type=&#8221;1_3&#8243; _builder_version=&#8221;4.19.2&#8243; _module_preset=&#8221;default&#8221; global_colors_info=&#8221;{}&#8221;][et_pb_blurb title=&#8221;Business &amp; Spirit&#8221; image=&#8221;https:\/\/project-angel.org\/wp-content\/uploads\/2022\/12\/shutterstock_1947178711kl.jpg&#8221; alt=&#8221;Psychic business assessment&#8221; _builder_version=&#8221;4.20.2&#8243; _module_preset=&#8221;default&#8221; body_font=&#8221;Jost||||||||&#8221; border_radii_image=&#8221;on|20px|20px|20px|20px&#8221; global_colors_info=&#8221;{}&#8221;]<\/p>\n<p>As a business major with professional experience in project management and consulting, I am well aware of the challenges in the business world. Psychic readings are a way to gain information here, too. The transfer of this knowledge to the business world is very important to me.<\/p>\n<p>[\/et_pb_blurb][et_pb_button button_url=&#8221;https:\/\/project-angel.org\/en\/consultations\/&#8221; button_text=&#8221;more info&#8221; button_alignment=&#8221;center&#8221; button_alignment_tablet=&#8221;center&#8221; button_alignment_phone=&#8221;center&#8221; button_alignment_last_edited=&#8221;on|desktop&#8221; _builder_version=&#8221;4.19.5&#8243; _module_preset=&#8221;default&#8221; custom_button=&#8221;on&#8221; button_text_color=&#8221;#FFFFFF&#8221; button_bg_color=&#8221;#8d6b99&#8243; button_border_color=&#8221;RGBA(255,255,255,0)&#8221; button_border_radius=&#8221;24px&#8221; button_font=&#8221;Jost||||||||&#8221; global_colors_info=&#8221;{}&#8221;][\/et_pb_button][\/et_pb_column][\/et_pb_row][\/et_pb_section][et_pb_section fb_built=&#8221;1&#8243; _builder_version=&#8221;4.19.2&#8243; _module_preset=&#8221;default&#8221; background_color=&#8221;rgba(252,167,147,0.25)&#8221; background_enable_mask_style=&#8221;on&#8221; global_colors_info=&#8221;{}&#8221;][et_pb_row _builder_version=&#8221;4.19.2&#8243; _module_preset=&#8221;default&#8221; global_colors_info=&#8221;{}&#8221;][et_pb_column type=&#8221;4_4&#8243; _builder_version=&#8221;4.19.2&#8243; _module_preset=&#8221;default&#8221; global_colors_info=&#8221;{}&#8221;][et_pb_text _builder_version=&#8221;4.19.2&#8243; _module_preset=&#8221;default&#8221; text_font=&#8221;Roboto|700|||||||&#8221; text_font_size=&#8221;18px&#8221; text_letter_spacing=&#8221;2px&#8221; global_colors_info=&#8221;{}&#8221;]<\/p>\n<p>Customer testimonials<\/p>\n<p>[\/et_pb_text][et_pb_divider color=&#8221;#fc9780&#8243; divider_weight=&#8221;2px&#8221; _builder_version=&#8221;4.19.2&#8243; _module_preset=&#8221;default&#8221; width=&#8221;21%&#8221; global_colors_info=&#8221;{}&#8221;][\/et_pb_divider][\/et_pb_column][\/et_pb_row][et_pb_row column_structure=&#8221;1_4,1_4,1_4,1_4&#8243; _builder_version=&#8221;4.19.2&#8243; _module_preset=&#8221;default&#8221; global_colors_info=&#8221;{}&#8221;][et_pb_column type=&#8221;1_4&#8243; _builder_version=&#8221;4.19.2&#8243; _module_preset=&#8221;default&#8221; global_colors_info=&#8221;{}&#8221;][et_pb_blurb use_icon=&#8221;on&#8221; font_icon=&#8221;&#xf007;||fa||900&#8243; icon_color=&#8221;#f6b5bd&#8221; image_icon_width=&#8221;75px&#8221; _builder_version=&#8221;4.19.2&#8243; _module_preset=&#8221;default&#8221; body_font=&#8221;Jost||on||||||&#8221; text_orientation=&#8221;center&#8221; global_colors_info=&#8221;{}&#8221;]<\/p>\n<p><em><\/em><em>&#8220;Dear Nadine, thank you again for the appointment, it helped me a lot! I listened to the conversation again and I can really hear my mother&#8217;s voice in all your answers and now I know more about what I can do to find myself again&#8230;&#8221; <\/em><\/p>\n<p>[\/et_pb_blurb][\/et_pb_column][et_pb_column type=&#8221;1_4&#8243; _builder_version=&#8221;4.19.2&#8243; _module_preset=&#8221;default&#8221; global_colors_info=&#8221;{}&#8221;][et_pb_blurb use_icon=&#8221;on&#8221; font_icon=&#8221;&#xf007;||fa||900&#8243; icon_color=&#8221;#f6b5bd&#8221; image_icon_width=&#8221;75px&#8221; _builder_version=&#8221;4.19.2&#8243; _module_preset=&#8221;default&#8221; body_font=&#8221;Jost||on||||||&#8221; text_orientation=&#8221;center&#8221; global_colors_info=&#8221;{}&#8221;]<\/p>\n<p>&#8220;<em>Thank you very much for the online circle, it worked wonderfully and I am thrilled!<\/em><em>&#8220;<\/em><\/p>\n<p>[\/et_pb_blurb][et_pb_blurb use_icon=&#8221;on&#8221; font_icon=&#8221;&#xf007;||fa||900&#8243; icon_color=&#8221;#f6b5bd&#8221; image_icon_width=&#8221;75px&#8221; _builder_version=&#8221;4.19.2&#8243; _module_preset=&#8221;default&#8221; body_font=&#8221;Jost||on||||||&#8221; text_orientation=&#8221;center&#8221; global_colors_info=&#8221;{}&#8221;]<\/p>\n<p><em><\/em><em>&#8220;I discovered your meditation today, just like in the aura course, great! <br \/>If you do courses again, I would love to come to you!&#8221;<\/em><\/p>\n<p>[\/et_pb_blurb][\/et_pb_column][et_pb_column type=&#8221;1_4&#8243; _builder_version=&#8221;4.19.2&#8243; _module_preset=&#8221;default&#8221; global_colors_info=&#8221;{}&#8221;][et_pb_blurb use_icon=&#8221;on&#8221; font_icon=&#8221;&#xf007;||fa||900&#8243; icon_color=&#8221;#f6b5bd&#8221; image_icon_width=&#8221;75px&#8221; _builder_version=&#8221;4.19.2&#8243; _module_preset=&#8221;default&#8221; body_font=&#8221;Jost||on||||||&#8221; text_orientation=&#8221;center&#8221; global_colors_info=&#8221;{}&#8221;]<\/p>\n<p><em><\/em><em>&#8220;Dear Nadine! Thank you very much for another wonderful coaching session! You gave me very helpful suggestions and I found the &#8220;mirror visualization&#8221; particularly impressive. I greatly appreciated to feel more &#8220;at home&#8221; in my body, the &#8220;home&#8221; of my soul. There is more healing to do, but I feel I am well on the way&#8230; Thank you for your help! I&#8217;m sure you have many more tricks up your sleeve, right? I look forward to continuing my &#8220;journey of self-discovery&#8221; with you.&#8221;<\/em><\/p>\n<p>[\/et_pb_blurb][\/et_pb_column][et_pb_column type=&#8221;1_4&#8243; _builder_version=&#8221;4.19.2&#8243; _module_preset=&#8221;default&#8221; global_colors_info=&#8221;{}&#8221;][et_pb_blurb use_icon=&#8221;on&#8221; font_icon=&#8221;&#xf007;||fa||900&#8243; icon_color=&#8221;#f6b5bd&#8221; image_icon_width=&#8221;75px&#8221; _builder_version=&#8221;4.19.2&#8243; _module_preset=&#8221;default&#8221; body_font=&#8221;Jost||on||||||&#8221; text_orientation=&#8221;center&#8221; global_colors_info=&#8221;{}&#8221;]<\/p>\n<p><em><\/em><em>&#8220;Dear Nadine, I am very impressed by your work !!! The messages from A. to me corresponded 1:1 to her language, unbelievable! I would love to come back!&#8221; <\/em><\/p>\n<p>[\/et_pb_blurb][et_pb_blurb use_icon=&#8221;on&#8221; font_icon=&#8221;&#xf007;||fa||900&#8243; icon_color=&#8221;#f6b5bd&#8221; image_icon_width=&#8221;75px&#8221; _builder_version=&#8221;4.19.2&#8243; _module_preset=&#8221;default&#8221; body_font=&#8221;Jost||on||||||&#8221; text_orientation=&#8221;center&#8221; global_colors_info=&#8221;{}&#8221;]<\/p>\n<p><em><\/em><em>&#8220;Dear Nadine Thank you very much for this great weekend <br \/>It was wonderful and instructive.&#8221;<\/em><\/p>\n<p>[\/et_pb_blurb][\/et_pb_column][\/et_pb_row][\/et_pb_section][et_pb_section fb_built=&#8221;1&#8243; _builder_version=&#8221;4.19.2&#8243; _module_preset=&#8221;default&#8221; custom_padding=&#8221;4px|||||&#8221; global_colors_info=&#8221;{}&#8221;][et_pb_row _builder_version=&#8221;4.19.2&#8243; _module_preset=&#8221;default&#8221; global_colors_info=&#8221;{}&#8221;][et_pb_column type=&#8221;4_4&#8243; _builder_version=&#8221;4.19.2&#8243; _module_preset=&#8221;default&#8221; global_colors_info=&#8221;{}&#8221;][et_pb_text _builder_version=&#8221;4.19.2&#8243; _module_preset=&#8221;default&#8221; text_font=&#8221;Roboto|700|||||||&#8221; text_font_size=&#8221;18px&#8221; text_letter_spacing=&#8221;2px&#8221; global_colors_info=&#8221;{}&#8221;]<\/p>\n<p>About me<\/p>\n<p>[\/et_pb_text][et_pb_divider color=&#8221;#fc9780&#8243; divider_weight=&#8221;2px&#8221; _builder_version=&#8221;4.19.2&#8243; _module_preset=&#8221;default&#8221; width=&#8221;21%&#8221; global_colors_info=&#8221;{}&#8221;][\/et_pb_divider][\/et_pb_column][\/et_pb_row][et_pb_row column_structure=&#8221;3_5,2_5&#8243; _builder_version=&#8221;4.19.2&#8243; _module_preset=&#8221;default&#8221; global_colors_info=&#8221;{}&#8221;][et_pb_column type=&#8221;3_5&#8243; _builder_version=&#8221;4.19.2&#8243; _module_preset=&#8221;default&#8221; global_colors_info=&#8221;{}&#8221;][et_pb_text _builder_version=&#8221;4.20.2&#8243; _module_preset=&#8221;default&#8221; text_font=&#8221;Jost||||||||&#8221; width=&#8221;95.6%&#8221; custom_padding=&#8221;||0px|||&#8221; global_colors_info=&#8221;{}&#8221;]<\/p>\n<h2>Your spiritual and psychic medium<\/h2>\n<p>[\/et_pb_text][et_pb_text _builder_version=&#8221;4.20.2&#8243; _module_preset=&#8221;default&#8221; text_font=&#8221;Jost||||||||&#8221; global_colors_info=&#8221;{}&#8221;]<\/p>\n<p>Unleash your potential with power and clarity. Your energy follows your attention. Are you curious about your purpose and path and want to learn how to use your gift? Do you miss a loved one and want to be in touch with them? I am happy to serve.<\/p>\n<p>[\/et_pb_text][et_pb_button button_url=&#8221;https:\/\/calendly.com\/project-angel&#8221; button_text=&#8221;Contact me&#8221; button_alignment=&#8221;left&#8221; button_alignment_tablet=&#8221;center&#8221; button_alignment_phone=&#8221;center&#8221; button_alignment_last_edited=&#8221;on|desktop&#8221; _builder_version=&#8221;4.19.5&#8243; _module_preset=&#8221;default&#8221; custom_button=&#8221;on&#8221; button_text_color=&#8221;#FFFFFF&#8221; button_bg_color=&#8221;#8d6b99&#8243; button_border_color=&#8221;RGBA(255,255,255,0)&#8221; button_border_radius=&#8221;24px&#8221; button_font=&#8221;Jost||||||||&#8221; global_colors_info=&#8221;{}&#8221;][\/et_pb_button][\/et_pb_column][et_pb_column type=&#8221;2_5&#8243; _builder_version=&#8221;4.19.2&#8243; _module_preset=&#8221;default&#8221; global_colors_info=&#8221;{}&#8221;][et_pb_image src=&#8221;https:\/\/project-angel.org\/wp-content\/uploads\/2022\/12\/Nadine-Filbry_inPixio.jpg&#8221; alt=&#8221;Spiritual medium Nadine Filbry&#8221; title_text=&#8221;Spiritual medium Nadine Filbry&#8221; align=&#8221;center&#8221; _builder_version=&#8221;4.20.2&#8243; _module_preset=&#8221;default&#8221; width=&#8221;74%&#8221; max_width=&#8221;100%&#8221; border_radii=&#8221;on|100%|100%|100%|100%&#8221; box_shadow_style=&#8221;preset2&#8243; box_shadow_color=&#8221;#f8dfdd&#8221; global_colors_info=&#8221;{}&#8221;][\/et_pb_image][\/et_pb_column][\/et_pb_row][\/et_pb_section]<\/p>\n","protected":false},"excerpt":{"rendered":"<p>Evidential spiritual and psychic mediumClear messages for your heart and soulI am here to help you with the loss of a loved one, stagnation in your life, entanglements and all questions relating to your personal and spiritual development. It is my heartfelt desire to share my love and knowledge of the spiritual world with you. [&hellip;]<\/p>\n","protected":false},"author":1,"featured_media":0,"parent":0,"menu_order":0,"comment_status":"closed","ping_status":"closed","template":"","meta":{"_et_pb_use_builder":"on","_et_pb_old_content":"<h1>Seinen Lebensweg gehen\u2026<\/h1><p><img class=\"wp-image-557 size-medium aligncenter\" src=\"https:\/\/project-angel.org\/wp-content\/uploads\/2022\/03\/maximilian-weisbecker-121294-300x200.jpg\" alt=\"\" width=\"300\" height=\"200\" \/>Ver\u00e4nderungsprozesse werden dann schwierig, wenn wir zu sehr von unserem inneren Lebensplan abweichen.<\/p><ul><li style=\"text-align: left;\">Bist du auf der Suche nach Unterst\u00fctzung und Begleitung?<\/li><li style=\"text-align: left;\">Sehnst du dich nach Orientierung und Klarheit?<\/li><li style=\"text-align: left;\">Fehlt dir der Mut zur Ver\u00e4nderung?<\/li><li style=\"text-align: left;\">Hast du den richtigen Fokus?<\/li><li style=\"text-align: left;\">M\u00f6chtest du mehr Erfolg?<\/li><li style=\"text-align: left;\">Kannst du dein Leben annehmen und geniessen?<\/li><\/ul><p>Mit Blick auf deine Pers\u00f6nlichkeit, deiner aktuellen Lebenssituation und deinen Bed\u00fcrfnissen gestalten wir gemeinsam neue Ideen f\u00fcr deine Zukunft, die im Einklang mit deinen inneren Zielen sind.<\/p>","_et_gb_content_width":"","om_disable_all_campaigns":false,"_monsterinsights_skip_tracking":false,"_monsterinsights_sitenote_active":false,"_monsterinsights_sitenote_note":"","_monsterinsights_sitenote_category":0,"footnotes":""},"class_list":["post-1359","page","type-page","status-publish","hentry"],"_links":{"self":[{"href":"https:\/\/project-angel.org\/en\/wp-json\/wp\/v2\/pages\/1359","targetHints":{"allow":["GET"]}}],"collection":[{"href":"https:\/\/project-angel.org\/en\/wp-json\/wp\/v2\/pages"}],"about":[{"href":"https:\/\/project-angel.org\/en\/wp-json\/wp\/v2\/types\/page"}],"author":[{"embeddable":true,"href":"https:\/\/project-angel.org\/en\/wp-json\/wp\/v2\/users\/1"}],"replies":[{"embeddable":true,"href":"https:\/\/project-angel.org\/en\/wp-json\/wp\/v2\/comments?post=1359"}],"version-history":[{"count":17,"href":"https:\/\/project-angel.org\/en\/wp-json\/wp\/v2\/pages\/1359\/revisions"}],"predecessor-version":[{"id":1744,"href":"https:\/\/project-angel.org\/en\/wp-json\/wp\/v2\/pages\/1359\/revisions\/1744"}],"wp:attachment":[{"href":"https:\/\/project-angel.org\/en\/wp-json\/wp\/v2\/media?parent=1359"}],"curies":[{"name":"wp","href":"https:\/\/api.w.org\/{rel}","templated":true}]}}